{"id":3549,"date":"2019-05-11T08:42:09","date_gmt":"2019-05-11T06:42:09","guid":{"rendered":"http:\/\/antigone.filarete.it\/?page_id=62"},"modified":"2025-05-06T19:07:22","modified_gmt":"2025-05-06T17:07:22","slug":"editoriale","status":"publish","type":"page","link":"https:\/\/www.rapportoantigone.it\/ventesimo-rapporto-sulle-condizioni-di-detenzione\/editoriale\/","title":{"rendered":"Editoriale"},"content":{"rendered":"<p>[vc_row][vc_column width=&#8221;1\/4&#8243;]<h4 class=\"grve-element grve-align-left grve-title-no-line grve-h4 autore\" style=\"\"><span>di Patrizio Gonnella<\/span><\/h4>[vc_column_text]<!-- Simple Share Buttons Adder (8.5.3) simplesharebuttons.com --><div class=\"ssba-modern-2 ssba ssbp-wrap aligncenter ssbp--theme-1\"><div style=\"text-align:center\"><span class=\"ssba-share-text\">Share this...<\/span><br\/><ul class=\"ssbp-list\"><li class='ssbp-li--facebook'><a data-site=\"facebook\" class=\"ssba_facebook_share ssba_share_link ssbp-facebook ssbp-btn\" href=\"https:\/\/www.facebook.com\/sharer.php?t=Editoriale&u=https:\/\/www.rapportoantigone.it\/ventesimo-rapporto-sulle-condizioni-di-detenzione\/wp-json\/wp\/v2\/pages\/3549\"  target=_blank  style=\"color:#4267B2; background-color: #4267B2; height: 40px; width: 40px; \" ><span><svg xmlns=\"http:\/\/www.w3.org\/2000\/svg\" fill=\"#fff\" preserveAspectRatio=\"xMidYMid meet\" height=\"1em\" width=\"1em\" viewBox=\"0 0 40 40\">\n  <g>\n    <path d=\"m21.7 16.7h5v5h-5v11.6h-5v-11.6h-5v-5h5v-2.1c0-2 0.6-4.5 1.8-5.9 1.3-1.3 2.8-2 4.7-2h3.5v5h-3.5c-0.9 0-1.5 0.6-1.5 1.5v3.5z\"><\/path>\n  <\/g>\n<\/svg>\n\n<\/span><span class=\"color-icon\"><svg xmlns=\"http:\/\/www.w3.org\/2000\/svg\" width=\"16\" height=\"28\" viewBox=\"0 0 16 28\">\n  <path fill=\"#3B5998\" d=\"M10.7,10.7 L15.7,10.7 L15.7,15.7 L10.7,15.7 L10.7,27.3 L5.7,27.3 L5.7,15.7 L0.7,15.7 L0.7,10.7 L5.7,10.7 L5.7,8.6 C5.7,6.6 6.3,4.1 7.5,2.7 C8.8,1.4 10.3,0.7 12.2,0.7 L15.7,0.7 L15.7,5.7 L12.2,5.7 C11.3,5.7 10.7,6.3 10.7,7.2 L10.7,10.7 Z\"\/>\n<\/svg>\n<\/span><div title=\"Facebook\" class=\"ssbp-text\">Facebook<\/div><\/a><\/li><li class='ssbp-li--whatsapp'><a data-site=\"whatsapp\" class=\"ssba_whatsapp_share ssba_share_link ssbp-whatsapp ssbp-btn\" href=\"https:\/\/web.whatsapp.com\/send?text=https:\/\/www.rapportoantigone.it\/ventesimo-rapporto-sulle-condizioni-di-detenzione\/wp-json\/wp\/v2\/pages\/3549\"  target=_blank  style=\"color:#25d366; background-color: #25d366; height: 40px; width: 40px; \" ><span><svg xmlns=\"http:\/\/www.w3.org\/2000\/svg\" fill=\"#fff\" preserveAspectRatio=\"xMidYMid meet\" height=\"1em\" width=\"1em\" viewBox=\"0 0 40 40\">\n  <g>\n    <path d=\"m25 21.7q0.3 0 2.2 1t2 1.2q0 0.1 0 0.3 0 0.8-0.4 1.7-0.3 0.9-1.6 1.5t-2.2 0.6q-1.3 0-4.3-1.4-2.2-1-3.8-2.6t-3.3-4.2q-1.6-2.3-1.6-4.3v-0.2q0.1-2 1.7-3.5 0.5-0.5 1.2-0.5 0.1 0 0.4 0t0.4 0.1q0.4 0 0.6 0.1t0.3 0.6q0.2 0.5 0.8 2t0.5 1.7q0 0.5-0.8 1.3t-0.7 1q0 0.2 0.1 0.3 0.7 1.7 2.3 3.1 1.2 1.2 3.3 2.2 0.3 0.2 0.5 0.2 0.4 0 1.2-1.1t1.2-1.1z m-4.5 11.9q2.8 0 5.4-1.1t4.5-3 3-4.5 1.1-5.4-1.1-5.5-3-4.5-4.5-2.9-5.4-1.2-5.5 1.2-4.5 2.9-2.9 4.5-1.2 5.5q0 4.5 2.7 8.2l-1.7 5.2 5.4-1.8q3.5 2.4 7.7 2.4z m0-30.9q3.4 0 6.5 1.4t5.4 3.6 3.5 5.3 1.4 6.6-1.4 6.5-3.5 5.3-5.4 3.6-6.5 1.4q-4.4 0-8.2-2.1l-9.3 3 3-9.1q-2.4-3.9-2.4-8.6 0-3.5 1.4-6.6t3.6-5.3 5.3-3.6 6.6-1.4z\"><\/path>\n  <\/g>\n<\/svg>\n\n<\/span><span class=\"color-icon\"><svg xmlns=\"http:\/\/www.w3.org\/2000\/svg\" width=\"35\" height=\"36\" viewBox=\"0 0 35 36\">\n  <path fill=\"#25D366\" d=\"M22,19.7 C22.2,19.7 22.9333333,20.0333333 24.2,20.7 C25.4666667,21.3666667 26.1333333,21.7666667 26.2,21.9 C26.2,21.9666667 26.2,22.0666667 26.2,22.2 C26.2,22.7333333 26.0666667,23.3 25.8,23.9 C25.6,24.5 25.0666667,25 24.2,25.4 C23.3333333,25.8 22.6,26 22,26 C21.1333333,26 19.7,25.5333333 17.7,24.6 C16.2333333,23.9333333 14.9666667,23.0666667 13.9,22 C12.8333333,20.9333333 11.7333333,19.5333333 10.6,17.8 C9.53333333,16.2666667 9,14.8333333 9,13.5 L9,13.3 C9.06666667,11.9666667 9.63333333,10.8 10.7,9.8 C11.0333333,9.46666667 11.4333333,9.3 11.9,9.3 C11.9666667,9.3 12.1,9.3 12.3,9.3 C12.5,9.3 12.6333333,9.33333333 12.7,9.4 C12.9666667,9.4 13.1666667,9.43333333 13.3,9.5 C13.4333333,9.56666667 13.5333333,9.76666667 13.6,10.1 C13.7333333,10.4333333 14,11.1 14.4,12.1 C14.8,13.1 14.9666667,13.6666667 14.9,13.8 C14.9,14.1333333 14.6333333,14.5666667 14.1,15.1 C13.5666667,15.6333333 13.3333333,15.9666667 13.4,16.1 C13.4,16.2333333 13.4333333,16.3333333 13.5,16.4 C13.9666667,17.5333333 14.7333333,18.5666667 15.8,19.5 C16.6,20.3 17.7,21.0333333 19.1,21.7 C19.3,21.8333333 19.4666667,21.9 19.6,21.9 C19.8666667,21.9 20.2666667,21.5333333 20.8,20.8 C21.3333333,20.0666667 21.7333333,19.7 22,19.7 Z M17.5,31.6 C19.3666667,31.6 21.1666667,31.2333333 22.9,30.5 C24.6333333,29.7666667 26.1333333,28.7666667 27.4,27.5 C28.6666667,26.2333333 29.6666667,24.7333333 30.4,23 C31.1333333,21.2666667 31.5,19.4666667 31.5,17.6 C31.5,15.7333333 31.1333333,13.9 30.4,12.1 C29.6666667,10.3 28.6666667,8.8 27.4,7.6 C26.1333333,6.4 24.6333333,5.43333333 22.9,4.7 C21.1666667,3.96666667 19.3666667,3.56666667 17.5,3.5 C15.6333333,3.43333333 13.8,3.83333333 12,4.7 C10.2,5.56666667 8.7,6.53333333 7.5,7.6 C6.3,8.66666667 5.33333333,10.1666667 4.6,12.1 C3.86666667,14.0333333 3.46666667,15.8666667 3.4,17.6 C3.4,20.6 4.3,23.3333333 6.1,25.8 L4.4,31 L9.8,29.2 C12.1333333,30.8 14.7,31.6 17.5,31.6 Z M17.5,0.7 C19.7666667,0.7 21.9333333,1.16666667 24,2.1 C26.0666667,3.03333333 27.8666667,4.23333333 29.4,5.7 C30.9333333,7.16666667 32.1,8.93333333 32.9,11 C33.7,13.0666667 34.1666667,15.2666667 34.3,17.6 C34.4333333,19.9333333 33.9666667,22.1 32.9,24.1 C31.8333333,26.1 30.6666667,27.8666667 29.4,29.4 C28.1333333,30.9333333 26.3333333,32.1333333 24,33 C21.6666667,33.8666667 19.5,34.3333333 17.5,34.4 C14.5666667,34.4 11.8333333,33.7 9.3,32.3 L0,35.3 L3,26.2 C1.4,23.6 0.6,20.7333333 0.6,17.6 C0.6,15.2666667 1.06666667,13.0666667 2,11 C2.93333333,8.93333333 4.13333333,7.16666667 5.6,5.7 C7.06666667,4.23333333 8.83333333,3.03333333 10.9,2.1 C12.9666667,1.16666667 15.1666667,0.7 17.5,0.7 Z\"\/>\n<\/svg>\n<\/span><div title=\"Whatsapp\" class=\"ssbp-text\">Whatsapp<\/div><\/a><\/li><li class='ssbp-li--twitter'><a data-site=\"twitter\" class=\"ssba_twitter_share ssba_share_link ssbp-twitter ssbp-btn\" href=\"https:\/\/twitter.com\/intent\/tweet?text=Editoriale&url=https:\/\/www.rapportoantigone.it\/ventesimo-rapporto-sulle-condizioni-di-detenzione\/wp-json\/wp\/v2\/pages\/3549&via=\"  target=_blank  style=\"color:#000000; background-color: #000000; height: 40px; width: 40px; \" ><span><svg width=\"25\" height=\"25\" viewBox=\"0 0 25 25\" fill=\"none\" xmlns=\"http:\/\/www.w3.org\/2000\/svg\">\n    <rect width=\"25\" height=\"25\" \/>\n    <path d=\"M14.4821 11.6218L21.0389 4H19.4852L13.7919 10.6179L9.24467 4H4L10.8763 14.0074L4 22H5.55385L11.5661 15.0113L16.3683 22H21.613L14.4821 11.6218ZM6.11371 5.16972H8.50031L19.4859 20.8835H17.0993L6.11371 5.16972Z\" fill=\"white\"\/>\n<\/svg>\n<\/span><span class=\"color-icon\"><svg width=\"25\" height=\"25\" viewBox=\"0 0 25 25\" fill=\"none\" xmlns=\"http:\/\/www.w3.org\/2000\/svg\">\n\t<rect width=\"25\" height=\"25\" \/>\n\t<path d=\"M14.4821 11.6218L21.0389 4H19.4852L13.7919 10.6179L9.24467 4H4L10.8763 14.0074L4 22H5.55385L11.5661 15.0113L16.3683 22H21.613L14.4821 11.6218ZM6.11371 5.16972H8.50031L19.4859 20.8835H17.0993L6.11371 5.16972Z\" fill=\"#000000\"\/>\n<\/svg>\n<\/span><div title=\"Twitter\" class=\"ssbp-text\">Twitter<\/div><\/a><\/li><li class='ssbp-li--linkedin'><a data-site=\"linkedin\" class=\"ssba_linkedin_share ssba_share_link ssbp-linkedin ssbp-btn\" href=\"https:\/\/www.linkedin.com\/shareArticle?title=Editoriale&url=https:\/\/www.rapportoantigone.it\/ventesimo-rapporto-sulle-condizioni-di-detenzione\/wp-json\/wp\/v2\/pages\/3549\"  target=_blank  style=\"color:#0077b5; background-color: #0077b5; height: 40px; width: 40px; \" ><span><svg xmlns=\"http:\/\/www.w3.org\/2000\/svg\" fill=\"#fff\" preserveAspectRatio=\"xMidYMid meet\" height=\"1em\" width=\"1em\" viewBox=\"0 0 40 40\">\n  <g>\n    <path d=\"m13.3 31.7h-5v-16.7h5v16.7z m18.4 0h-5v-8.9c0-2.4-0.9-3.5-2.5-3.5-1.3 0-2.1 0.6-2.5 1.9v10.5h-5s0-15 0-16.7h3.9l0.3 3.3h0.1c1-1.6 2.7-2.8 4.9-2.8 1.7 0 3.1 0.5 4.2 1.7 1 1.2 1.6 2.8 1.6 5.1v9.4z m-18.3-20.9c0 1.4-1.1 2.5-2.6 2.5s-2.5-1.1-2.5-2.5 1.1-2.5 2.5-2.5 2.6 1.2 2.6 2.5z\"><\/path>\n  <\/g>\n<\/svg>\n\n<\/span><span class=\"color-icon\"><svg xmlns=\"http:\/\/www.w3.org\/2000\/svg\" xmlns:xlink=\"http:\/\/www.w3.org\/1999\/xlink\" width=\"50px\" height=\"50px\" viewBox=\"0 0 50 50\" version=\"1.1\">\n<g id=\"surface97807\">\n<path style=\" stroke:none;fill-rule:nonzero;fill:rgb(0%,46.666667%,70.980392%);fill-opacity:1;\" d=\"M 8 3.007812 C 4.53125 3.007812 2.007812 5.089844 2.007812 7.949219 C 2.007812 10.820312 4.589844 12.988281 8 12.988281 C 11.46875 12.988281 13.988281 10.871094 13.988281 7.890625 C 13.832031 5.019531 11.359375 3.007812 8 3.007812 Z M 3 15 C 2.449219 15 2 15.449219 2 16 L 2 45 C 2 45.550781 2.449219 46 3 46 L 13 46 C 13.550781 46 14 45.550781 14 45 L 14 16 C 14 15.449219 13.550781 15 13 15 Z M 18 15 C 17.449219 15 17 15.449219 17 16 L 17 45 C 17 45.550781 17.449219 46 18 46 L 27 46 C 27.550781 46 28 45.550781 28 45 L 28 29.5 C 28 27.128906 29.820312 25.199219 32.140625 25.019531 C 32.261719 25 32.378906 25 32.5 25 C 32.621094 25 32.738281 25 32.859375 25.019531 C 35.179688 25.199219 37 27.128906 37 29.5 L 37 45 C 37 45.550781 37.449219 46 38 46 L 47 46 C 47.550781 46 48 45.550781 48 45 L 48 28 C 48 21.53125 44.527344 15 36.789062 15 C 33.269531 15 30.609375 16.359375 29 17.488281 L 29 16 C 29 15.449219 28.550781 15 28 15 Z M 18 15 \"\/>\n<\/g>\n<\/svg>\n<\/span><div title=\"Linkedin\" class=\"ssbp-text\">Linkedin<\/div><\/a><\/li><\/ul><\/div><\/div>[\/vc_column_text][\/vc_column][vc_column width=&#8221;3\/4&#8243;][vc_column_text animation=&#8221;fadeIn&#8221;]Nodo alla gola si titola il ventesimo Rapporto di Antigone sulle condizioni di detenzione. Ci sarebbe piaciuto titolarlo diversamente usando altre parole come innovazione, modernit\u00e0, riforme, solidariet\u00e0, empatia, speranza, fraternit\u00e0, dignit\u00e0, normalit\u00e0, socialit\u00e0, responsabilit\u00e0, autonomia, rispetto, affettivit\u00e0, sessualit\u00e0. Tutte parole che dovrebbero costituire l\u2019essenza della pena e del modello penitenziario prescelto. Spesso parole ignorate, rimosse nella quotidianit\u00e0 detentiva.<\/p>\n<p>Purtroppo, per\u00f2, abbiamo scelto un\u2019espressione tragica come titolo del nostro Rapporto. Un titolo che vogliamo sia un pugno nello stomaco per un\u2019opinione pubblica troppo distratta rispetto alle condizioni di vita nelle carceri italiane e ai troppi morti che siamo costretti a contare.<\/p>\n<p>Nelle carceri si respira un\u2019aria di tensione preoccupante. I numeri del sovraffollamento ci riportano al 2013 e alla condanna da parte della Corte Europea dei diritti umani nel famoso caso Torreggiani. Mancano gli spazi. Sono tornati i letti a tre piani che sfiorano il soffitto. Le celle sono per troppo tempo della giornata chiuse. Vengono disincentivate le iniziative del mondo esterno e nel Lazio finanche i pranzi di Natale.<\/p>\n<p>Di fronte a tutto questo il Governo ha presentato un nuovo disegno di legge, la cui discussione \u00e8 gi\u00e0 iniziata alla Camera, che introduce il delitto di rivolta penitenziaria (che punisce la resistenza passiva) e prevede nuovi reati contro gli occupanti di case e chi protesta con blocchi stradali. Se mai questa proposta di legge dovesse passare, da un lato avremo un carcere dove anche chi disobbedisce in forma nonviolenta a un ordine rischia anni di galera e dall\u2019altro avremmo migliaia di nuovi ingressi dalla libert\u00e0.<\/p>\n<p>Sanzionare con anni di carcere chi protesta senza far uso della violenza significa intaccare il sistema dei diritti umani e essere disposti a sanzionare anche chi si comporta pacificamente.<\/p>\n<p>Il carcere deve essere un luogo dove ci si emancipa dal crimine e dove siano offerte concrete opportunit\u00e0 di recupero sociale. Il carcere non deve annichilire il senso critico o essere un luogo dove le persone private della libert\u00e0 siano costrette a vivere nella paura e a camminare con la testa bassa.<\/p>\n<p>In un periodo difficile e oscuro come quello che stiamo vivendo c\u2019\u00e8 stata una luce, data dalla sentenza della Corte Costituzionale n.10 del gennaio 2024 in materia di affettivit\u00e0. Viene riconosciuto il diritto alla sessualit\u00e0 delle detenute e dei detenuti. La Corte ha affermato in modo categorico che esso non pu\u00f2 essere compresso e che spetta all\u2019amministrazione penitenziaria organizzarsi per assicurare appieno l\u2019esercizio. Al momento ancora, per\u00f2, \u00e8 un diritto riconosciuto solo sulla carta.<\/p>\n<p>Durante la nostra osservazione, e ringraziamo l\u2019amministrazione penitenziaria per l\u2019apertura e la disponibilit\u00e0 nel concederci tale occasione di conoscenza, abbiamo incontrato funzionari di tutti i profili professionali che costituiscono l\u2019avanguardia democratica del nostro Paese. A loro vogliamo dedicare questo Rapporto, al loro senso civico e costituzionale. Alla loro capacit\u00e0 di resistenza.<\/p>\n<p>Lo scorso ottobre una cinquantina di nuovi direttori sono entrati finalmente in servizio assumendo incarichi di responsabilit\u00e0 delle carceri. Donne e uomini, pi\u00f9 o meno giovani, che costituiranno lo scheletro del sistema penitenziario futuro. In questi giorni ricordiamo il primo anniversario della morte di un grande direttore, aperto, democratico, innovatore: Massimo Di Rienzo. Un esempio da seguire per tutti loro.[\/vc_column_text][vc_empty_space height=&#8221;50px&#8221;][\/vc_column][\/vc_row]<\/p>\n","protected":false},"excerpt":{"rendered":"<p>[vc_row][vc_column width=&#8221;1\/4&#8243;][vc_column_text][\/vc_column_text][\/vc_column][vc_column width=&#8221;3\/4&#8243;][vc_column_text animation=&#8221;fadeIn&#8221;]Nodo alla gola si titola il ventesimo Rapporto di Antigone sulle condizioni di detenzione. Ci sarebbe piaciuto titolarlo diversamente usando altre parole come innovazione, modernit\u00e0, riforme, solidariet\u00e0, empatia, speranza, fraternit\u00e0, dignit\u00e0, normalit\u00e0, socialit\u00e0, responsabilit\u00e0, autonomia, rispetto, affettivit\u00e0, sessualit\u00e0. Tutte parole che dovrebbero costituire l\u2019essenza della pena e del modello penitenziario prescelto. Spesso [&hellip;]<\/p>\n","protected":false},"author":1,"featured_media":7372,"parent":0,"menu_order":0,"comment_status":"closed","ping_status":"closed","template":"","meta":{"_acf_changed":false,"om_disable_all_campaigns":false,"_monsterinsights_skip_tracking":false,"_monsterinsights_sitenote_active":false,"_monsterinsights_sitenote_note":"","_monsterinsights_sitenote_category":0,"footnotes":""},"acf":[],"_links":{"self":[{"href":"https:\/\/www.rapportoantigone.it\/ventesimo-rapporto-sulle-condizioni-di-detenzione\/wp-json\/wp\/v2\/pages\/3549"}],"collection":[{"href":"https:\/\/www.rapportoantigone.it\/ventesimo-rapporto-sulle-condizioni-di-detenzione\/wp-json\/wp\/v2\/pages"}],"about":[{"href":"https:\/\/www.rapportoantigone.it\/ventesimo-rapporto-sulle-condizioni-di-detenzione\/wp-json\/wp\/v2\/types\/page"}],"author":[{"embeddable":true,"href":"https:\/\/www.rapportoantigone.it\/ventesimo-rapporto-sulle-condizioni-di-detenzione\/wp-json\/wp\/v2\/users\/1"}],"replies":[{"embeddable":true,"href":"https:\/\/www.rapportoantigone.it\/ventesimo-rapporto-sulle-condizioni-di-detenzione\/wp-json\/wp\/v2\/comments?post=3549"}],"version-history":[{"count":15,"href":"https:\/\/www.rapportoantigone.it\/ventesimo-rapporto-sulle-condizioni-di-detenzione\/wp-json\/wp\/v2\/pages\/3549\/revisions"}],"predecessor-version":[{"id":7746,"href":"https:\/\/www.rapportoantigone.it\/ventesimo-rapporto-sulle-condizioni-di-detenzione\/wp-json\/wp\/v2\/pages\/3549\/revisions\/7746"}],"wp:featuredmedia":[{"embeddable":true,"href":"https:\/\/www.rapportoantigone.it\/ventesimo-rapporto-sulle-condizioni-di-detenzione\/wp-json\/wp\/v2\/media\/7372"}],"wp:attachment":[{"href":"https:\/\/www.rapportoantigone.it\/ventesimo-rapporto-sulle-condizioni-di-detenzione\/wp-json\/wp\/v2\/media?parent=3549"}],"curies":[{"name":"wp","href":"https:\/\/api.w.org\/{rel}","templated":true}]}}